{"id":110,"date":"2018-03-24T21:45:59","date_gmt":"2018-03-25T00:45:59","guid":{"rendered":"http:\/\/pontum.com.br\/blog\/?page_id=110"},"modified":"2018-03-24T23:01:38","modified_gmt":"2018-03-25T02:01:38","slug":"orcamento","status":"publish","type":"page","link":"https:\/\/www.pontum.com.br\/blog\/orcamento\/","title":{"rendered":"Or\u00e7amento"},"content":{"rendered":"<h2>Que bom que temos a possibilidade de inciarmos uma parceria! Ser\u00e1 um prazer poder lhe atender.<\/h2>\n<p>Utilize o formul\u00e1rio abaixo para solicitar um or\u00e7amento:<\/p>\n<div role=\"form\" class=\"wpcf7\" id=\"wpcf7-f109-o1\" lang=\"pt-BR\" dir=\"ltr\">\n<div class=\"screen-reader-response\" role=\"alert\" aria-live=\"polite\"><\/div>\n<form action=\"\/blog\/wp-json\/wp\/v2\/pages\/110#wpcf7-f109-o1\" method=\"post\" class=\"wpcf7-form init\" novalidate=\"novalidate\">\n<div style=\"display: none;\">\n<input type=\"hidden\" name=\"_wpcf7\" value=\"109\" \/>\n<input type=\"hidden\" name=\"_wpcf7_version\" value=\"5.2.2\" \/>\n<input type=\"hidden\" name=\"_wpcf7_locale\" value=\"pt_BR\" \/>\n<input type=\"hidden\" name=\"_wpcf7_unit_tag\" value=\"wpcf7-f109-o1\" \/>\n<input type=\"hidden\" name=\"_wpcf7_container_post\" value=\"0\" \/>\n<input type=\"hidden\" name=\"_wpcf7_posted_data_hash\" value=\"\" \/>\n<\/div>\n<p><label> Seu nome (obrigat\u00f3rio)<br \/>\n    <span class=\"wpcf7-form-control-wrap your-name\"><input type=\"text\" name=\"your-name\" value=\"\" size=\"40\" class=\"wpcf7-form-control wpcf7-text wpcf7-validates-as-required\" aria-required=\"true\" aria-invalid=\"false\" \/><\/span> <\/label><\/p>\n<p><label> Seu e-mail (obrigat\u00f3rio)<br \/>\n    <span class=\"wpcf7-form-control-wrap your-email\"><input type=\"email\" name=\"your-email\" value=\"\" size=\"40\" class=\"wpcf7-form-control wpcf7-text wpcf7-email wpcf7-validates-as-required wpcf7-validates-as-email\" aria-required=\"true\" aria-invalid=\"false\" \/><\/span> <\/label><\/p>\n<p><label> Empresa<br \/>\n    <span class=\"wpcf7-form-control-wrap empresa\"><input type=\"text\" name=\"empresa\" value=\"\" size=\"40\" class=\"wpcf7-form-control wpcf7-text\" aria-invalid=\"false\" \/><\/span> <\/label><\/p>\n<p><label> Cidade\/Estado<br \/>\n    <span class=\"wpcf7-form-control-wrap cidade\"><input type=\"text\" name=\"cidade\" value=\"\" size=\"40\" class=\"wpcf7-form-control wpcf7-text\" aria-invalid=\"false\" \/><\/span> <\/label><\/p>\n<p><label> Qual Solu\u00e7\u00e3o Precisa? <\/label><\/p>\n<p><span class=\"wpcf7-form-control-wrap radio-212\"><span class=\"wpcf7-form-control wpcf7-radio\"><span class=\"wpcf7-list-item first\"><input type=\"radio\" name=\"radio-212\" value=\"Solu\u00e7\u00e3o Completa (Rel\u00f3gio + Software)\" checked=\"checked\" \/><span class=\"wpcf7-list-item-label\">Solu\u00e7\u00e3o Completa (Rel\u00f3gio + Software)<\/span><\/span><span class=\"wpcf7-list-item\"><input type=\"radio\" name=\"radio-212\" value=\"Somente Software\" \/><span class=\"wpcf7-list-item-label\">Somente Software<\/span><\/span><span class=\"wpcf7-list-item last\"><input type=\"radio\" name=\"radio-212\" value=\"Rel\u00f3gio Cartogr\u00e1fico\" \/><span class=\"wpcf7-list-item-label\">Rel\u00f3gio Cartogr\u00e1fico<\/span><\/span><\/span><\/span><\/p>\n<p><label> Telefone<br \/>\n    <span class=\"wpcf7-form-control-wrap telefone\"><input type=\"text\" name=\"telefone\" value=\"\" size=\"40\" class=\"wpcf7-form-control wpcf7-text\" aria-invalid=\"false\" \/><\/span> <\/label><\/p>\n<p><label> Mensagem (opcional)<br \/>\n    <span class=\"wpcf7-form-control-wrap your-message\"><textarea name=\"your-message\" cols=\"40\" rows=\"10\" class=\"wpcf7-form-control wpcf7-textarea\" aria-invalid=\"false\"><\/textarea><\/span> <\/label><\/p>\n<p><span class=\"wpcf7-form-control-wrap acceptance-208\"><span class=\"wpcf7-form-control wpcf7-acceptance\"><span class=\"wpcf7-list-item\"><input type=\"checkbox\" name=\"acceptance-208\" value=\"1\" aria-invalid=\"false\" \/><\/span><\/span><\/span>Ao informar seus dados, voc\u00ea  automaticamente concorda com nossa: <a href=\"https:\/\/www.pontum.com.br\/blog\/privacidade\/\" target=\"_blank\"><BR>POL\u00cdTICA DE PRIVACIDADE<\/a><\/p>\n<p><input type=\"submit\" value=\"Enviar\" class=\"wpcf7-form-control wpcf7-submit\" \/><\/p>\n<div class=\"wpcf7-response-output\" role=\"alert\" aria-hidden=\"true\"><\/div><\/form><\/div>\n<p>&nbsp;<\/p>\n<p>*Informa\u00e7\u00e3o importante:<\/p>\n<p>Caso n\u00e3o receba nenhum retorno, talvez tenha inserido o e-mail incorretamente. Reenvie o contato pelo formul\u00e1rio ou tamb\u00e9m poder\u00e1 entrar em contato pelo nosso telefone: (24) 3346-3707<\/p>\n","protected":false},"excerpt":{"rendered":"<p>Que bom que temos a possibilidade de inciarmos uma parceria! Ser\u00e1 um prazer poder lhe atender. Utilize o formul\u00e1rio abaixo para solicitar um or\u00e7amento: &nbsp; *Informa\u00e7\u00e3o importante: Caso n\u00e3o receba nenhum retorno, talvez tenha inserido o e-mail incorretamente. Reenvie o contato pelo formul\u00e1rio ou tamb\u00e9m poder\u00e1 entrar em contato pelo nosso telefone: (24) 3346-3707<\/p>\n","protected":false},"author":1,"featured_media":0,"parent":0,"menu_order":0,"comment_status":"closed","ping_status":"closed","template":"","meta":{"footnotes":""},"class_list":["entry","author-admin","post-110","page","type-page","status-publish"],"yoast_head":"<!-- This site is optimized with the Yoast SEO plugin v15.0 - https:\/\/yoast.com\/wordpress\/plugins\/seo\/ -->\n<title>Or\u00e7amento - Pontum Blog<\/title>\n<meta name=\"robots\" content=\"index, follow, max-snippet:-1, max-image-preview:large, max-video-preview:-1\" \/>\n<link rel=\"canonical\" href=\"https:\/\/www.pontum.com.br\/blog\/orcamento\/\" \/>\n<meta property=\"og:locale\" content=\"pt_BR\" \/>\n<meta property=\"og:type\" content=\"article\" \/>\n<meta property=\"og:title\" content=\"Or\u00e7amento - Pontum Blog\" \/>\n<meta property=\"og:description\" content=\"Que bom que temos a possibilidade de inciarmos uma parceria! Ser\u00e1 um prazer poder lhe atender. Utilize o formul\u00e1rio abaixo para solicitar um or\u00e7amento: &nbsp; *Informa\u00e7\u00e3o importante: Caso n\u00e3o receba nenhum retorno, talvez tenha inserido o e-mail incorretamente. Reenvie o contato pelo formul\u00e1rio ou tamb\u00e9m poder\u00e1 entrar em contato pelo nosso telefone: (24) 3346-3707\" \/>\n<meta property=\"og:url\" content=\"https:\/\/www.pontum.com.br\/blog\/orcamento\/\" \/>\n<meta property=\"og:site_name\" content=\"Pontum Blog\" \/>\n<meta property=\"article:modified_time\" content=\"2018-03-25T02:01:38+00:00\" \/>\n<meta name=\"twitter:card\" content=\"summary_large_image\" \/>\n<script type=\"application\/ld+json\" class=\"yoast-schema-graph\">{\"@context\":\"https:\/\/schema.org\",\"@graph\":[{\"@type\":\"WebSite\",\"@id\":\"https:\/\/www.pontum.com.br\/blog\/#website\",\"url\":\"https:\/\/www.pontum.com.br\/blog\/\",\"name\":\"Pontum Blog\",\"description\":\"Informa\\u00e7\\u00f5es de Qualidade para seu Controle de Ponto\",\"potentialAction\":[{\"@type\":\"SearchAction\",\"target\":\"https:\/\/www.pontum.com.br\/blog\/?s={search_term_string}\",\"query-input\":\"required name=search_term_string\"}],\"inLanguage\":\"pt-BR\"},{\"@type\":\"WebPage\",\"@id\":\"https:\/\/www.pontum.com.br\/blog\/orcamento\/#webpage\",\"url\":\"https:\/\/www.pontum.com.br\/blog\/orcamento\/\",\"name\":\"Or\\u00e7amento - Pontum Blog\",\"isPartOf\":{\"@id\":\"https:\/\/www.pontum.com.br\/blog\/#website\"},\"datePublished\":\"2018-03-25T00:45:59+00:00\",\"dateModified\":\"2018-03-25T02:01:38+00:00\",\"inLanguage\":\"pt-BR\",\"potentialAction\":[{\"@type\":\"ReadAction\",\"target\":[\"https:\/\/www.pontum.com.br\/blog\/orcamento\/\"]}]}]}<\/script>\n<!-- \/ Yoast SEO plugin. -->","_links":{"self":[{"href":"https:\/\/www.pontum.com.br\/blog\/wp-json\/wp\/v2\/pages\/110","targetHints":{"allow":["GET"]}}],"collection":[{"href":"https:\/\/www.pontum.com.br\/blog\/wp-json\/wp\/v2\/pages"}],"about":[{"href":"https:\/\/www.pontum.com.br\/blog\/wp-json\/wp\/v2\/types\/page"}],"author":[{"embeddable":true,"href":"https:\/\/www.pontum.com.br\/blog\/wp-json\/wp\/v2\/users\/1"}],"replies":[{"embeddable":true,"href":"https:\/\/www.pontum.com.br\/blog\/wp-json\/wp\/v2\/comments?post=110"}],"version-history":[{"count":2,"href":"https:\/\/www.pontum.com.br\/blog\/wp-json\/wp\/v2\/pages\/110\/revisions"}],"predecessor-version":[{"id":112,"href":"https:\/\/www.pontum.com.br\/blog\/wp-json\/wp\/v2\/pages\/110\/revisions\/112"}],"wp:attachment":[{"href":"https:\/\/www.pontum.com.br\/blog\/wp-json\/wp\/v2\/media?parent=110"}],"curies":[{"name":"wp","href":"https:\/\/api.w.org\/{rel}","templated":true}]}}