{"id":114,"date":"2018-03-24T22:50:42","date_gmt":"2018-03-25T01:50:42","guid":{"rendered":"http:\/\/pontum.com.br\/blog\/?page_id=114"},"modified":"2018-03-24T23:02:04","modified_gmt":"2018-03-25T02:02:04","slug":"servicos","status":"publish","type":"page","link":"https:\/\/www.pontum.com.br\/blog\/servicos\/","title":{"rendered":"Servi\u00e7os"},"content":{"rendered":"<p>Nesta p\u00e1gina voc\u00ea vai encontrar informa\u00e7\u00f5es sobre os servi\u00e7os que prestados e tamb\u00e9m aquilo que consideramos a quest\u00e3o mais importante em uma rela\u00e7\u00e3o de consumo e parceria.<\/p>\n<p><strong>Somos a empresa\u00a0Pontum Sistemas Inteligentes e fornecemos Softwares e Equipamentos de Controle de Ponto.<\/strong><\/p>\n<p>Muitos donos de empresas ignoram ou desconhecem a import\u00e2ncia do controle de Ponto dos funcion\u00e1rios. O assunto \u00e9 bastante amplo, mas vamos citar apenas os tr\u00eas principais fatores que tornam o controle de ponto indispens\u00e1vel para sua empresa:<\/p>\n<p><strong>Aumento de Produtividade:<\/strong> com a implanta\u00e7\u00e3o do Rel\u00f3gio de Ponto, haver\u00e1 uma redu\u00e7\u00e3o dr\u00e1stica nos atrasos em rela\u00e7\u00e3o ao hor\u00e1rio de entrada, intervalo de almo\u00e7o superior ao permitido e sa\u00eddas antes do hor\u00e1rio correto. Consequentemente temos o aumento de produtividade.<\/p>\n<p><strong>Maior transpar\u00eancia:<\/strong> os funcion\u00e1rios e a pr\u00f3pria empresa ter\u00e3o maior transpar\u00eancia em rela\u00e7\u00e3o as horas trabalhadas. Pois ambos ter\u00e3o acesso a uma folha de ponto individual no fim do m\u00eas com a contabiliza\u00e7\u00e3o das horas trabalhadas, n\u00e3o deixando qualquer tipo de d\u00favida e eliminando o sentimento de desconfian\u00e7a que tanto prejudica o dia a dia no trabalho.<\/p>\n<p><strong>Processos Trabalhistas:<\/strong> com um controle de ponto adequado e transparente, no qual segue a Legisla\u00e7\u00e3o vigente, n\u00e3o haver\u00e1 margem para processos trabalhistas. Se voc\u00ea ainda n\u00e3o tem um controle de ponto em sua empresa, fica uma dica gratuita para voc\u00ea: tenha um controle de ponto dos funcion\u00e1rios, ainda que seja manual, mas fa\u00e7a isso.<\/p>\n<h3><strong>Agora vamos ao que podemos lhe oferecer:<\/strong><\/h3>\n<p><strong>Equipamentos de Controle de Ponto:<\/strong><\/p>\n<p>Trabalhamos com Rel\u00f3gios de Ponto Eletr\u00f4nicos e Cartogr\u00e1ficos (ou mec\u00e2nico como \u00e9 tradicionalmente conhecido). Os modelos Eletr\u00f4nicos tamb\u00e9m conhecidos com REP tem como principal caracter\u00edstica possuir registro de Ponto atrav\u00e9s da Impress\u00e3o Digital (biometria), Crach\u00e1s de Proximidade e at\u00e9 mesmo por Senha. Estes equipamentos s\u00e3o homologados pela Portaria 1510 do MTE, na qual podemos destacar a obrigatoriedade da emiss\u00e3o de Ticket a cada marca\u00e7\u00e3o de ponto e possuir porta Fiscal USB. Estes equipamentos tamb\u00e9m possuem certifica\u00e7\u00e3o do INMetro. J\u00e1 os modelos Cartogr\u00e1ficos s\u00e3o os modelos tradicionais onde a marca\u00e7\u00e3o de ponto \u00e9 feita atrav\u00e9s da impress\u00e3o das horas no cart\u00e3o de ponto de papel.<\/p>\n<p><strong>Softwares de Controle de Ponto<\/strong><\/p>\n<p>Caso opte por utilizar o Rel\u00f3gio de Ponto Eletr\u00f4nico, faz-se necess\u00e1rio a utiliza\u00e7\u00e3o de um Software para Gerenciamento e Apura\u00e7\u00e3o das horas trabalhadas. Possu\u00edmos um software completo desenvolvido para atender as necessidades mais cr\u00edticas e espec\u00edficas, n\u00e3o deixando de lado a facilidade com uma interface visual e intuitiva de f\u00e1cil opera\u00e7\u00e3o. Al\u00e9m disso, tamb\u00e9m \u00e9 poss\u00edvel contar com acesso ao sistema via App de Celular e servi\u00e7os importantes como backup remoto e atualiza\u00e7\u00f5es autom\u00e1ticas.<\/p>\n<h3><strong>Por fim, a quest\u00e3o mais importante em uma rela\u00e7\u00e3o de consumo e parceria:<\/strong><\/h3>\n<p>\u201cContrate nossos servi\u00e7os somente se de fato n\u00f3s pudermos lhe ajudar\u201d.<\/p>\n<p>\u00c9 isso mesmo! N\u00e3o estamos aqui com o objetivo de somente vender um produto e depois sumir como se n\u00e3o houvesse amanh\u00e3. O nosso objetivo \u00e9 fornecer uma solu\u00e7\u00e3o para sua empresa estabelecendo n\u00e3o somente uma rela\u00e7\u00e3o de consumo, mas tamb\u00e9m uma verdadeira parceria. Entendemos que voc\u00ea tem uma necessidade ou um problema e estamos aqui para solucionar. Simples assim!<\/p>\n<h4><strong>Gostaria de receber uma Proposta Comercial?<\/strong><\/h4>\n<h4><strong><a href=\"http:\/\/pontum.com.br\/blog\/orcamento\/\">Clique Aqui e Solicite Agora!<\/a><\/strong><\/h4>\n<p>&nbsp;<\/p>\n<h4>J\u00e1 possui Rel\u00f3gio de Ponto, mas o Software n\u00e3o est\u00e1 muito legal?<\/h4>\n<p>Sem problemas, podemos fornecer somente o Software com treinamento e suporte t\u00e9cnico \u00e0 dist\u00e2ncia. Nosso sistema possui compatibilidade com os principais fabricantes do mercado.<\/p>\n<h4>Precisa da solu\u00e7\u00e3o completa?<\/h4>\n<p>\u00d3timo, vamos em frente!<\/p>\n<p>&nbsp;<\/p>\n<h4><strong><a href=\"http:\/\/pontum.com.br\/blog\/orcamento\/\">Clique Aqui e Solicite Or\u00e7amento Agora!<\/a><\/strong><\/h4>\n<p>&nbsp;<\/p>\n<p>&nbsp;<\/p>\n","protected":false},"excerpt":{"rendered":"<p>Nesta p\u00e1gina voc\u00ea vai encontrar informa\u00e7\u00f5es sobre os servi\u00e7os que prestados e tamb\u00e9m aquilo que consideramos a quest\u00e3o mais importante em uma rela\u00e7\u00e3o de consumo e parceria. Somos a empresa\u00a0Pontum Sistemas Inteligentes e fornecemos Softwares e Equipamentos de Controle de Ponto. Muitos donos de empresas ignoram ou desconhecem a import\u00e2ncia do controle de Ponto dos funcion\u00e1rios. O assunto \u00e9 bastante amplo, mas vamos citar apenas os tr\u00eas principais fatores que tornam o controle de ponto indispens\u00e1vel para sua empresa: Aumento de Produtividade: com a implanta\u00e7\u00e3o <a href=\"https:\/\/www.pontum.com.br\/blog\/servicos\/\" class=\"more-link\"><span>Continue lendo<\/span>\u2192<\/a><\/p>\n","protected":false},"author":1,"featured_media":0,"parent":0,"menu_order":0,"comment_status":"closed","ping_status":"closed","template":"","meta":{"footnotes":""},"class_list":["entry","author-admin","post-114","page","type-page","status-publish"],"yoast_head":"<!-- This site is optimized with the Yoast SEO plugin v15.0 - https:\/\/yoast.com\/wordpress\/plugins\/seo\/ -->\n<title>Servi\u00e7os - Pontum Blog<\/title>\n<meta name=\"robots\" content=\"index, follow, max-snippet:-1, max-image-preview:large, max-video-preview:-1\" \/>\n<link rel=\"canonical\" href=\"https:\/\/www.pontum.com.br\/blog\/servicos\/\" \/>\n<meta property=\"og:locale\" content=\"pt_BR\" \/>\n<meta property=\"og:type\" content=\"article\" \/>\n<meta property=\"og:title\" content=\"Servi\u00e7os - Pontum Blog\" \/>\n<meta property=\"og:description\" content=\"Nesta p\u00e1gina voc\u00ea vai encontrar informa\u00e7\u00f5es sobre os servi\u00e7os que prestados e tamb\u00e9m aquilo que consideramos a quest\u00e3o mais importante em uma rela\u00e7\u00e3o de consumo e parceria. Somos a empresa\u00a0Pontum Sistemas Inteligentes e fornecemos Softwares e Equipamentos de Controle de Ponto. Muitos donos de empresas ignoram ou desconhecem a import\u00e2ncia do controle de Ponto dos funcion\u00e1rios. O assunto \u00e9 bastante amplo, mas vamos citar apenas os tr\u00eas principais fatores que tornam o controle de ponto indispens\u00e1vel para sua empresa: Aumento de Produtividade: com a implanta\u00e7\u00e3o Continue lendo\u2192\" \/>\n<meta property=\"og:url\" content=\"https:\/\/www.pontum.com.br\/blog\/servicos\/\" \/>\n<meta property=\"og:site_name\" content=\"Pontum Blog\" \/>\n<meta property=\"article:modified_time\" content=\"2018-03-25T02:02:04+00:00\" \/>\n<meta name=\"twitter:card\" content=\"summary_large_image\" \/>\n<script type=\"application\/ld+json\" class=\"yoast-schema-graph\">{\"@context\":\"https:\/\/schema.org\",\"@graph\":[{\"@type\":\"WebSite\",\"@id\":\"https:\/\/www.pontum.com.br\/blog\/#website\",\"url\":\"https:\/\/www.pontum.com.br\/blog\/\",\"name\":\"Pontum Blog\",\"description\":\"Informa\\u00e7\\u00f5es de Qualidade para seu Controle de Ponto\",\"potentialAction\":[{\"@type\":\"SearchAction\",\"target\":\"https:\/\/www.pontum.com.br\/blog\/?s={search_term_string}\",\"query-input\":\"required name=search_term_string\"}],\"inLanguage\":\"pt-BR\"},{\"@type\":\"WebPage\",\"@id\":\"https:\/\/www.pontum.com.br\/blog\/servicos\/#webpage\",\"url\":\"https:\/\/www.pontum.com.br\/blog\/servicos\/\",\"name\":\"Servi\\u00e7os - Pontum Blog\",\"isPartOf\":{\"@id\":\"https:\/\/www.pontum.com.br\/blog\/#website\"},\"datePublished\":\"2018-03-25T01:50:42+00:00\",\"dateModified\":\"2018-03-25T02:02:04+00:00\",\"inLanguage\":\"pt-BR\",\"potentialAction\":[{\"@type\":\"ReadAction\",\"target\":[\"https:\/\/www.pontum.com.br\/blog\/servicos\/\"]}]}]}<\/script>\n<!-- \/ Yoast SEO plugin. -->","_links":{"self":[{"href":"https:\/\/www.pontum.com.br\/blog\/wp-json\/wp\/v2\/pages\/114","targetHints":{"allow":["GET"]}}],"collection":[{"href":"https:\/\/www.pontum.com.br\/blog\/wp-json\/wp\/v2\/pages"}],"about":[{"href":"https:\/\/www.pontum.com.br\/blog\/wp-json\/wp\/v2\/types\/page"}],"author":[{"embeddable":true,"href":"https:\/\/www.pontum.com.br\/blog\/wp-json\/wp\/v2\/users\/1"}],"replies":[{"embeddable":true,"href":"https:\/\/www.pontum.com.br\/blog\/wp-json\/wp\/v2\/comments?post=114"}],"version-history":[{"count":3,"href":"https:\/\/www.pontum.com.br\/blog\/wp-json\/wp\/v2\/pages\/114\/revisions"}],"predecessor-version":[{"id":118,"href":"https:\/\/www.pontum.com.br\/blog\/wp-json\/wp\/v2\/pages\/114\/revisions\/118"}],"wp:attachment":[{"href":"https:\/\/www.pontum.com.br\/blog\/wp-json\/wp\/v2\/media?parent=114"}],"curies":[{"name":"wp","href":"https:\/\/api.w.org\/{rel}","templated":true}]}}